{"id":1622,"date":"2022-10-03T12:05:51","date_gmt":"2022-10-03T10:05:51","guid":{"rendered":"https:\/\/www.conceto.de\/?page_id=1622"},"modified":"2025-12-30T10:41:57","modified_gmt":"2025-12-30T09:41:57","slug":"contact","status":"publish","type":"page","link":"https:\/\/www.conceto.de\/en\/kontakt\/","title":{"rendered":"Contact us"},"content":{"rendered":"<div data-elementor-type=\"wp-page\" data-elementor-id=\"1622\" class=\"elementor elementor-1622\" data-elementor-post-type=\"page\">\n\t\t\t\t<div class=\"elementor-element elementor-element-68d0898 e-con-full e-flex e-con e-parent\" data-id=\"68d0898\" data-element_type=\"container\" data-e-type=\"container\">\n\t\t\t\t<div class=\"elementor-element elementor-element-768e6a6 elementor-widget elementor-widget-template\" data-id=\"768e6a6\" data-element_type=\"widget\" data-e-type=\"widget\" data-widget_type=\"template.default\">\n\t\t\t\t<div class=\"elementor-widget-container\">\n\t\t\t\t\t\t\t<div class=\"elementor-template\">\n\t\t\t\t\t<div data-elementor-type=\"container\" data-elementor-id=\"808\" class=\"elementor elementor-808\" data-elementor-post-type=\"elementor_library\">\n\t\t\t\t<div class=\"elementor-element elementor-element-f3c9d1d e-flex e-con-boxed e-con e-parent\" data-id=\"f3c9d1d\" data-element_type=\"container\" data-e-type=\"container\" data-settings=\"{&quot;background_background&quot;:&quot;classic&quot;}\">\n\t\t\t\t\t<div class=\"e-con-inner\">\n\t\t\t\t<div class=\"elementor-element elementor-element-19128aa elementor-widget-mobile__width-inherit elementor-widget elementor-widget-heading\" data-id=\"19128aa\" data-element_type=\"widget\" data-e-type=\"widget\" data-widget_type=\"heading.default\">\n\t\t\t\t<div class=\"elementor-widget-container\">\n\t\t\t\t\t<h1 class=\"elementor-heading-title elementor-size-default\">Contact us<\/h1>\t\t\t\t<\/div>\n\t\t\t\t<\/div>\n\t\t\t\t\t<\/div>\n\t\t\t\t<\/div>\n\t\t\t\t<\/div>\n\t\t\t\t<\/div>\n\t\t\t\t\t\t<\/div>\n\t\t\t\t<\/div>\n\t\t\t\t<\/div>\n\t\t<div class=\"elementor-element elementor-element-e26839b custom-padding e-flex e-con-boxed e-con e-parent\" data-id=\"e26839b\" data-element_type=\"container\" data-e-type=\"container\">\n\t\t\t\t\t<div class=\"e-con-inner\">\n\t\t<div class=\"elementor-element elementor-element-ab345fb custom-box e-flex e-con-boxed e-con e-child\" data-id=\"ab345fb\" data-element_type=\"container\" data-e-type=\"container\">\n\t\t\t\t\t<div class=\"e-con-inner\">\n\t\t<div class=\"elementor-element elementor-element-d9826da custom-box-text-area e-flex e-con-boxed e-con e-child\" data-id=\"d9826da\" data-element_type=\"container\" data-e-type=\"container\">\n\t\t\t\t\t<div class=\"e-con-inner\">\n\t\t\t\t<div class=\"elementor-element elementor-element-6f80323 elementor-widget elementor-widget-heading\" data-id=\"6f80323\" data-element_type=\"widget\" data-e-type=\"widget\" data-widget_type=\"heading.default\">\n\t\t\t\t<div class=\"elementor-widget-container\">\n\t\t\t\t\t<h2 class=\"elementor-heading-title elementor-size-default\">We look forward to hearing from you!<\/h2>\t\t\t\t<\/div>\n\t\t\t\t<\/div>\n\t\t\t\t<div class=\"elementor-element elementor-element-a179a02 elementor-widget elementor-widget-text-editor\" data-id=\"a179a02\" data-element_type=\"widget\" data-e-type=\"widget\" data-widget_type=\"text-editor.default\">\n\t\t\t\t<div class=\"elementor-widget-container\">\n\t\t\t\t\t\t\t\t\tDo you have general questions about our products and services or would you like to talk to us about a specific challenge? We would be happy to send you further information or talk to you in person.\nWe look forward to hearing from you.\t\t\t\t\t\t\t\t<\/div>\n\t\t\t\t<\/div>\n\t\t\t\t\t<\/div>\n\t\t\t\t<\/div>\n\t\t\t\t<div class=\"elementor-element elementor-element-980d8ca custom-box-bild elementor-widget elementor-widget-image\" data-id=\"980d8ca\" data-element_type=\"widget\" data-e-type=\"widget\" data-widget_type=\"image.default\">\n\t\t\t\t<div class=\"elementor-widget-container\">\n\t\t\t\t\t\t\t\t\t\t\t\t\t\t\t<img fetchpriority=\"high\" decoding=\"async\" width=\"800\" height=\"601\" src=\"https:\/\/www.conceto.de\/wordpress\/wp-content\/uploads\/conceto-kontakt-1.jpg\" class=\"attachment-large size-large wp-image-6542\" alt=\"Woman makes digital contact with CONCETO\" srcset=\"https:\/\/www.conceto.de\/wordpress\/wp-content\/uploads\/conceto-kontakt-1.jpg 1000w, https:\/\/www.conceto.de\/wordpress\/wp-content\/uploads\/conceto-kontakt-1-300x225.jpg 300w, https:\/\/www.conceto.de\/wordpress\/wp-content\/uploads\/conceto-kontakt-1-768x577.jpg 768w\" sizes=\"(max-width: 800px) 100vw, 800px\" \/>\t\t\t\t\t\t\t\t\t\t\t\t\t\t\t<\/div>\n\t\t\t\t<\/div>\n\t\t\t\t\t<\/div>\n\t\t\t\t<\/div>\n\t\t\t\t\t<\/div>\n\t\t\t\t<\/div>\n\t\t<div class=\"elementor-element elementor-element-fcfac08 custom-padding e-flex e-con-boxed e-con e-parent\" data-id=\"fcfac08\" data-element_type=\"container\" data-e-type=\"container\" data-settings=\"{&quot;background_background&quot;:&quot;classic&quot;}\">\n\t\t\t\t\t<div class=\"e-con-inner\">\n\t\t<div class=\"elementor-element elementor-element-8cacbcb e-con-full e-flex e-con e-child\" data-id=\"8cacbcb\" data-element_type=\"container\" data-e-type=\"container\" data-settings=\"{&quot;background_background&quot;:&quot;classic&quot;}\">\n\t\t<div class=\"elementor-element elementor-element-12d5b14 e-flex e-con-boxed e-con e-child\" data-id=\"12d5b14\" data-element_type=\"container\" data-e-type=\"container\" data-settings=\"{&quot;background_background&quot;:&quot;classic&quot;}\">\n\t\t\t\t\t<div class=\"e-con-inner\">\n\t\t\t\t<div class=\"elementor-element elementor-element-2b01451 elementor-widget__width-inherit elementor-widget elementor-widget-heading\" data-id=\"2b01451\" data-element_type=\"widget\" data-e-type=\"widget\" data-widget_type=\"heading.default\">\n\t\t\t\t<div class=\"elementor-widget-container\">\n\t\t\t\t\t<h2 class=\"elementor-heading-title elementor-size-default\">Write us a message.<\/h2>\t\t\t\t<\/div>\n\t\t\t\t<\/div>\n\t\t\t\t\t<\/div>\n\t\t\t\t<\/div>\n\t\t\t\t<div class=\"elementor-element elementor-element-5d6a162 elementor-widget elementor-widget-jet-form-builder-form\" data-id=\"5d6a162\" data-element_type=\"widget\" data-e-type=\"widget\" data-widget_type=\"jet-form-builder-form.default\">\n\t\t\t\t<div class=\"elementor-widget-container\">\n\t\t\t\t\t<link rel='stylesheet' id='wp-block-library-css' href='https:\/\/www.conceto.de\/wordpress\/wp-includes\/css\/dist\/block-library\/style.min.css?ver=6.9.4' media='all' \/>\n<style id=\"jet-form-builder-3437-inline-css\"><\/style><form  class=\"jet-form-builder layout-column submit-type-reload\" action=\"https:\/\/www.conceto.de\/en\/wp-json\/wp\/v2\/pages\/1622\/?bUtdOd=hj28sPdDsu&#038;method=reload\" method=\"POST\" data-form-id=\"3437\" data-layout=\"column\" enctype=\"multipart\/form-data\" novalidate=\"null\" ssr_validation_method=\"rest\" data-trp-original-action=\"https:\/\/www.conceto.de\/en\/wp-json\/wp\/v2\/pages\/1622\/?bUtdOd=hj28sPdDsu&amp;method=reload\"><input type=\"hidden\" id=\"_wpnonce\" name=\"_wpnonce\" value=\"0488856fa7\" \/><input type=\"hidden\" name=\"_wp_http_referer\" value=\"\/en\/wp-json\/wp\/v2\/pages\/1622\" \/>\r\n<input type=\"hidden\" name=\"_jfb_current_render_states[]\" value=\"DEFAULT.STATE\" data-jfb-sync \/><input type=\"hidden\" class=\"jet-form-builder__field hidden-field\" name=\"_jet_engine_booking_form_id\" data-field-name=\"_jet_engine_booking_form_id\" value=\"3437\">\n<input type=\"hidden\" class=\"jet-form-builder__field hidden-field\" name=\"_jet_engine_refer\" data-field-name=\"_jet_engine_refer\" value=\"https:\/\/www.conceto.de\/en\/wp-json\/wp\/v2\/pages\/1622\/\">\n<input type=\"hidden\" class=\"jet-form-builder__field hidden-field\" name=\"__queried_post_id\" data-field-name=\"__queried_post_id\" value=\"1622\">\n\n<input type=\"hidden\" class=\"jet-form-builder__field hidden-field\" name=\"post_id\" data-field-name=\"post_id\" data-jfb-sync=\"null\" value=\"1622\">\n\n\n\n\n<div class=\"wp-block-columns is-layout-flex wp-container-core-columns-is-layout-28f84493 wp-block-columns-is-layout-flex\">\n<div class=\"wp-block-column is-layout-flow wp-block-column-is-layout-flow\"><div  class=\"jet-form-builder-row field-type-text-field\" >\n<div class=\"jet-form-builder__label\">\r\n<div class=\"jet-form-builder__label-text\">First name <span class=\"jet-form-builder__required\">*<\/span><\/div><\/div><div class=\"jet-form-builder__field-wrap\">\n\t\t\t\t<input required=\"required\" name=\"vorname\" id=\"vorname\" type=\"text\" data-field-name=\"vorname\" class=\"jet-form-builder__field text-field\" data-jfb-sync=\"null\" autocomplete=\"off_ZWhzK6D4\">\n\t\t\t\t\t<\/div>\n<\/div><\/div>\n\n\n\n<div class=\"wp-block-column is-layout-flow wp-block-column-is-layout-flow\"><div  class=\"jet-form-builder-row field-type-text-field\" >\n<div class=\"jet-form-builder__label\">\r\n<div class=\"jet-form-builder__label-text\">Surname <span class=\"jet-form-builder__required\">*<\/span><\/div><\/div><div class=\"jet-form-builder__field-wrap\">\n\t\t\t\t<input required=\"required\" name=\"nachname\" id=\"nachname\" type=\"text\" data-field-name=\"nachname\" class=\"jet-form-builder__field text-field\" data-jfb-sync=\"null\" autocomplete=\"off_ifJhGkrQ\">\n\t\t\t\t\t<\/div>\n<\/div><\/div>\n<\/div>\n\n\n\n<div class=\"wp-block-columns is-layout-flex wp-container-core-columns-is-layout-28f84493 wp-block-columns-is-layout-flex\">\n<div class=\"wp-block-column is-layout-flow wp-block-column-is-layout-flow\"><div  class=\"jet-form-builder-row field-type-text-field\" >\n<div class=\"jet-form-builder__label\">\r\n<div class=\"jet-form-builder__label-text\">e-mail <span class=\"jet-form-builder__required\">*<\/span><\/div><\/div><div class=\"jet-form-builder__field-wrap\">\n\t\t\t\t<input required=\"required\" name=\"email\" id=\"email\" type=\"email\" data-field-name=\"email\" class=\"jet-form-builder__field text-field\" data-jfb-sync=\"null\" autocomplete=\"off_3PTv76iE\">\n\t\t\t\t\t<\/div>\n<\/div><\/div>\n\n\n\n<div class=\"wp-block-column is-layout-flow wp-block-column-is-layout-flow\"><div  class=\"jet-form-builder-row field-type-text-field\" >\n<div class=\"jet-form-builder__label\">\r\n<div class=\"jet-form-builder__label-text\">Phone<\/div><\/div><div class=\"jet-form-builder__field-wrap\">\n\t\t\t\t<input name=\"telefon\" id=\"telefon\" type=\"text\" data-field-name=\"telefon\" class=\"jet-form-builder__field text-field\" data-jfb-sync=\"null\" autocomplete=\"off_rGXysExm\">\n\t\t\t\t\t<\/div>\n<\/div><\/div>\n\n\n\n<div class=\"wp-block-column is-layout-flow wp-block-column-is-layout-flow\"><div  class=\"jet-form-builder-row field-type-text-field\" >\n<div class=\"jet-form-builder__label\">\r\n<div class=\"jet-form-builder__label-text\">Company<\/div><\/div><div class=\"jet-form-builder__field-wrap\">\n\t\t\t\t<input name=\"unternehmen\" id=\"unternehmen\" type=\"text\" data-field-name=\"unternehmen\" class=\"jet-form-builder__field text-field\" data-jfb-sync=\"null\" autocomplete=\"off_1rK9B6Cg\">\n\t\t\t\t\t<\/div>\n<\/div><\/div>\n<\/div>\n\n\n\n<div class=\"wp-block-columns is-layout-flex wp-container-core-columns-is-layout-28f84493 wp-block-columns-is-layout-flex\">\n<div class=\"wp-block-column is-layout-flow wp-block-column-is-layout-flow\"><div  class=\"jet-form-builder-row field-type-textarea-field\" >\n<div class=\"jet-form-builder__label\">\r\n<div class=\"jet-form-builder__label-text\">Message <span class=\"jet-form-builder__required\">*<\/span><\/div><\/div><div class=\"jet-form-builder__field-wrap\">\n\t\t<textarea class=\"jet-form-builder__field textarea-field\" required=\"required\" name=\"nachricht\" data-field-name=\"nachricht\" id=\"nachricht\" data-jfb-sync=\"null\"><\/textarea>\n\t<\/div>\n<\/div><\/div>\n<\/div>\n\n\n\n<p>Information about how we process your data and about your data protection rights can be found in our <a href=\"\/en\/data-protection\/\">Privacy policy<\/a>.<\/p>\n\n\n\n<div class=\"wp-block-columns is-layout-flex wp-container-core-columns-is-layout-28f84493 wp-block-columns-is-layout-flex\">\n<div class=\"wp-block-column is-layout-flow wp-block-column-is-layout-flow\"><\/div>\n<\/div>\n\n\n\n<div class=\"jet-form-builder-row captcha-token-container\" data-validation-type=\"inherit\">\n\t<input type=\"hidden\" class=\"captcha-token\" name=\"_captcha_token\" value=\"\" data-jfb-sync required=\"required\">\n<\/div>\n\n\n<div  class=\"jet-form-builder-row field-type-submit-field\" >\n\t<div data-type=\"submit\" class=\"jet-form-builder__action-button-wrapper jet-form-builder__submit-wrap\">\n\t<button class=\"jet-form-builder__action-button jet-form-builder__submit submit-type-reload\" type=\"submit\">Send<\/button>\n\t<\/div>\n\t\n<\/div>\t<div class=\"jet-form-builder-messages-wrap\" data-form-id=\"3437\"><\/div>\n<input type=\"hidden\" name=\"trp-form-language\" value=\"en\"\/><\/form>\n\t\t\t\t<\/div>\n\t\t\t\t<\/div>\n\t\t\t\t<\/div>\n\t\t\t\t\t<\/div>\n\t\t\t\t<\/div>\n\t\t<div class=\"elementor-element elementor-element-af1d10b custom-padding e-flex e-con-boxed e-con e-parent\" data-id=\"af1d10b\" data-element_type=\"container\" data-e-type=\"container\">\n\t\t\t\t\t<div class=\"e-con-inner\">\n\t\t\t\t<div class=\"elementor-element elementor-element-99e809c elementor-widget__width-initial elementor-widget-mobile__width-inherit elementor-vertical-align-top elementor-widget elementor-widget-image-box\" data-id=\"99e809c\" data-element_type=\"widget\" data-e-type=\"widget\" data-widget_type=\"image-box.default\">\n\t\t\t\t<div class=\"elementor-widget-container\">\n\t\t\t\t\t<div class=\"elementor-image-box-wrapper\"><div class=\"elementor-image-box-content\"><h2 class=\"elementor-image-box-title\">Do you prefer to speak in person? <\/h2><p class=\"elementor-image-box-description\">Then give us a call.<\/p><\/div><\/div>\t\t\t\t<\/div>\n\t\t\t\t<\/div>\n\t\t\t\t<div class=\"elementor-element elementor-element-5c3dee9 elementor-mobile-align-center elementor-widget-mobile__width-inherit elementor-widget elementor-widget-button\" data-id=\"5c3dee9\" data-element_type=\"widget\" data-e-type=\"widget\" data-widget_type=\"button.default\">\n\t\t\t\t<div class=\"elementor-widget-container\">\n\t\t\t\t\t\t\t\t\t<div class=\"elementor-button-wrapper\">\n\t\t\t\t\t<a class=\"elementor-button elementor-button-link elementor-size-sm\" href=\"tel:+492285340970\">\n\t\t\t\t\t\t<span class=\"elementor-button-content-wrapper\">\n\t\t\t\t\t\t<span class=\"elementor-button-icon\">\n\t\t\t\t<i aria-hidden=\"true\" class=\"fas fa-phone\"><\/i>\t\t\t<\/span>\n\t\t\t\t\t\t\t\t\t<span class=\"elementor-button-text\">+49 (228) 53 40 97-0<\/span>\n\t\t\t\t\t<\/span>\n\t\t\t\t\t<\/a>\n\t\t\t\t<\/div>\n\t\t\t\t\t\t\t\t<\/div>\n\t\t\t\t<\/div>\n\t\t\t\t\t<\/div>\n\t\t\t\t<\/div>\n\t\t<div class=\"elementor-element elementor-element-0105f84 custom-padding e-flex e-con-boxed e-con e-parent\" data-id=\"0105f84\" data-element_type=\"container\" data-e-type=\"container\" data-settings=\"{&quot;background_background&quot;:&quot;classic&quot;}\">\n\t\t\t\t\t<div class=\"e-con-inner\">\n\t\t\t\t<div class=\"elementor-element elementor-element-f74736c elementor-widget__width-initial elementor-widget elementor-widget-heading\" data-id=\"f74736c\" data-element_type=\"widget\" data-e-type=\"widget\" data-widget_type=\"heading.default\">\n\t\t\t\t<div class=\"elementor-widget-container\">\n\t\t\t\t\t<h2 class=\"elementor-heading-title elementor-size-default\">On site for you.<\/h2>\t\t\t\t<\/div>\n\t\t\t\t<\/div>\n\t\t<div class=\"elementor-element elementor-element-f5693f6 custom-icon-box-2 e-flex e-con-boxed e-con e-child\" data-id=\"f5693f6\" data-element_type=\"container\" data-e-type=\"container\">\n\t\t\t\t\t<div class=\"e-con-inner\">\n\t\t\t\t<div class=\"elementor-element elementor-element-afc68bd elementor-view-default elementor-position-block-start elementor-mobile-position-block-start elementor-widget elementor-widget-icon-box\" data-id=\"afc68bd\" data-element_type=\"widget\" data-e-type=\"widget\" data-widget_type=\"icon-box.default\">\n\t\t\t\t<div class=\"elementor-widget-container\">\n\t\t\t\t\t\t\t<div class=\"elementor-icon-box-wrapper\">\n\n\t\t\t\t\t\t<div class=\"elementor-icon-box-icon\">\n\t\t\t\t<span  class=\"elementor-icon\">\n\t\t\t\t<i aria-hidden=\"true\" class=\"fas fa-map-marker-alt\"><\/i>\t\t\t\t<\/span>\n\t\t\t<\/div>\n\t\t\t\n\t\t\t\t\t\t<div class=\"elementor-icon-box-content\">\n\n\t\t\t\t\t\t\t\t\t<h3 class=\"elementor-icon-box-title\">\n\t\t\t\t\t\t<span  >\n\t\t\t\t\t\t\tBonn\t\t\t\t\t\t<\/span>\n\t\t\t\t\t<\/h3>\n\t\t\t\t\n\t\t\t\t\t\t\t\t\t<p class=\"elementor-icon-box-description\">\n\t\t\t\t\t\tGodesberger Allee 140<br>\n53175 Bonn<br>\nPhone +49 (228) 53 40 97-0<br>\ninfo@conceto.de\n\t\t\t\t\t<\/p>\n\t\t\t\t\n\t\t\t<\/div>\n\t\t\t\n\t\t<\/div>\n\t\t\t\t\t\t<\/div>\n\t\t\t\t<\/div>\n\t\t\t\t\t<\/div>\n\t\t\t\t<\/div>\n\t\t\t\t\t<\/div>\n\t\t\t\t<\/div>\n\t\t<div class=\"elementor-element elementor-element-bbbfc0a custom-padding e-flex e-con-boxed e-con e-parent\" data-id=\"bbbfc0a\" data-element_type=\"container\" data-e-type=\"container\" data-settings=\"{&quot;background_background&quot;:&quot;classic&quot;}\">\n\t\t\t\t\t<div class=\"e-con-inner\">\n\t\t\t\t<div class=\"elementor-element elementor-element-7490e5a elementor-position-inline-start elementor-view-default elementor-mobile-position-block-start elementor-widget elementor-widget-icon-box\" data-id=\"7490e5a\" data-element_type=\"widget\" data-e-type=\"widget\" data-widget_type=\"icon-box.default\">\n\t\t\t\t<div class=\"elementor-widget-container\">\n\t\t\t\t\t\t\t<div class=\"elementor-icon-box-wrapper\">\n\n\t\t\t\t\t\t<div class=\"elementor-icon-box-icon\">\n\t\t\t\t<span  class=\"elementor-icon\">\n\t\t\t\t<svg xmlns=\"http:\/\/www.w3.org\/2000\/svg\" id=\"a\" viewbox=\"0 0 44 45\"><circle cx=\"21\" cy=\"24\" r=\"18\" fill=\"#5096dc\" opacity=\".98\"><\/circle><path d=\"M18,3C8.08,3,0,11.08,0,21s8.08,18,18,18,18-8.08,18-18S27.92,3,18,3Zm9.17,3.7l-4.62,4.62-2.11,.16h0c-.83,.07-1.63,.35-2.33,.8-.74-.53-1.62-.86-2.54-.93l-2.11-.16-4.54-4.54c2.63-1.67,5.74-2.66,9.09-2.66s6.52,1,9.17,2.7Zm-19.09,.52l4.94,4.94,2.48,.19c.96,.07,1.87,.49,2.55,1.17l1.72,1.72,.71-.71-1.58-1.58c.5-.27,1.05-.44,1.62-.48l2.48-.19,5.01-5.01c1.34,.98,2.53,2.15,3.54,3.48l-5.04,5.04-.19,2.48c-.07,.96-.49,1.87-1.17,2.55l-.1,.1h0s0,0,0,0l-1.03,1.03v-.87c0-.42-.17-.82-.44-1.11h0s0,0,0,0c0,0,0,0,0,0h0c-.29-.31-.71-.5-1.16-.5-.2,0-.39,.04-.57,.1h0s0,0,0,0c-.01,0-.02,.01-.03,.02v-.63s0-.08-.01-.12c.15-.08,.3-.17,.43-.3,.31-.31,.47-.73,.47-1.14,0-.41-.16-.83-.47-1.14l-1.73-1.73-.71,.71,1.73,1.73c.12,.12,.18,.27,.18,.43,0,.16-.06,.31-.18,.43-.03,.03-.06,.05-.1,.07-.3-.34-.73-.56-1.22-.56h-.03l-.25,.03h-.02s-.02,0-.02,0c-.12,.02-.23,.07-.33,.12-.14-.74-.8-1.31-1.58-1.31-.63,0-1.18,.37-1.44,.9-.23-.13-.5-.21-.79-.21h0c-.89,0-1.61,.72-1.61,1.61v3.14c-.19-.08-.4-.12-.61-.12-.5,0-.92,.24-1.22,.59l-1.29-1.29-.1-.1h0s0,0,0,0c-.68-.68-1.1-1.59-1.17-2.55l-.19-2.48-4.99-4.99c1.01-1.32,2.21-2.48,3.56-3.46ZM1,21c0-3.52,1.07-6.79,2.91-9.5l4.62,4.62,.16,2.11c.09,1.2,.61,2.32,1.46,3.17h0s.1,.11,.1,.11h0s0,0,0,0h0l1.6,1.6v2.86c0,1.2,.43,2.37,1.22,3.28l1.38,1.6v6.77C6.78,35.99,1,29.16,1,21Zm14.45,16.79v-7.3l-1.62-1.88c-.63-.73-.97-1.66-.97-2.63v-.15h0v-2.7h0s.01-.12,.01-.12c.05-.28,.3-.5,.6-.5,.16,0,.32,.07,.42,.17l.09,.11c.06,.09,.1,.2,.1,.33v2.13h1v-1.72s0,0,0,0h0v-5.04c0-.34,.28-.61,.61-.62h0c.34,0,.61,.28,.61,.62v5.04h1v-5.72c0-.34,.28-.61,.62-.62,.34,0,.61,.28,.61,.62v1.14s0,0,0,.01v1.17h0v3.4h.03l.08,.1,.12-.1h.76s0,0,0,0v-4.57c0-.17,.07-.31,.18-.43,.09-.09,.19-.14,.3-.16l.14-.02c.25,0,.46,.15,.56,.36l.05,.25v4.57h1v-.32s0-.67,0-.67v-1.46c0-.17,.07-.32,.18-.43,.06-.06,.13-.11,.22-.14l.21-.04c.18,0,.32,.07,.44,.19h0s0,0,0,0c.1,.1,.17,.25,.17,.42v2.08h0v.37h0v2.44c0,.96-.35,1.9-.97,2.63l-1.62,1.88v7.32c-.79,.11-1.59,.19-2.42,.19-.87,0-1.71-.09-2.55-.21Zm5.96-.13v-6.8s1.38-1.6,1.38-1.6c.78-.91,1.22-2.08,1.22-3.28v-2.44h0v-.16h0s1.84-1.84,1.84-1.84c.85-.85,1.37-1.98,1.46-3.18l.16-2.11,4.67-4.67c1.8,2.7,2.86,5.94,2.86,9.42,0,8.2-5.84,15.07-13.58,16.65Z\"><\/path><\/svg>\t\t\t\t<\/span>\n\t\t\t<\/div>\n\t\t\t\n\t\t\t\t\t\t<div class=\"elementor-icon-box-content\">\n\n\t\t\t\t\t\t\t\t\t<h2 class=\"elementor-icon-box-title\">\n\t\t\t\t\t\t<span  >\n\t\t\t\t\t\t\tWe value equal treatment\t\t\t\t\t\t<\/span>\n\t\t\t\t\t<\/h2>\n\t\t\t\t\n\t\t\t\t\t\t\t\t\t<p class=\"elementor-icon-box-description\">\n\t\t\t\t\t\tTo improve readability, we use the abbreviated masculine form on our website. The formulations are non-judgemental and are always aimed at all persons, regardless of their gender.\t\t\t\t\t<\/p>\n\t\t\t\t\n\t\t\t<\/div>\n\t\t\t\n\t\t<\/div>\n\t\t\t\t\t\t<\/div>\n\t\t\t\t<\/div>\n\t\t\t\t\t<\/div>\n\t\t\t\t<\/div>\n\t\t\t\t<\/div>","protected":false},"excerpt":{"rendered":"<p>Wir freuen uns von Ihnen zu h\u00f6ren! Sie haben allgemeine Fragen zu unseren Produkten und Dienstleistungen oder m\u00f6chten mit uns \u00fcber eine spezifische Herausforderung sprechen? Gerne senden wir Ihnen weitere Informationen zu oder tauschen uns in einem pers\u00f6nlichen Gespr\u00e4ch mit Ihnen aus. Wir freuen uns auf Ihre Nachricht. Schreiben Sie uns eine Nachricht. Vorname * [&hellip;]<\/p>\n","protected":false},"author":2,"featured_media":3949,"parent":0,"menu_order":0,"comment_status":"closed","ping_status":"closed","template":"","meta":{"footnotes":""},"class_list":["post-1622","page","type-page","status-publish","has-post-thumbnail","hentry"],"_links":{"self":[{"href":"https:\/\/www.conceto.de\/en\/wp-json\/wp\/v2\/pages\/1622","targetHints":{"allow":["GET"]}}],"collection":[{"href":"https:\/\/www.conceto.de\/en\/wp-json\/wp\/v2\/pages"}],"about":[{"href":"https:\/\/www.conceto.de\/en\/wp-json\/wp\/v2\/types\/page"}],"author":[{"embeddable":true,"href":"https:\/\/www.conceto.de\/en\/wp-json\/wp\/v2\/users\/2"}],"replies":[{"embeddable":true,"href":"https:\/\/www.conceto.de\/en\/wp-json\/wp\/v2\/comments?post=1622"}],"version-history":[{"count":10,"href":"https:\/\/www.conceto.de\/en\/wp-json\/wp\/v2\/pages\/1622\/revisions"}],"predecessor-version":[{"id":16800,"href":"https:\/\/www.conceto.de\/en\/wp-json\/wp\/v2\/pages\/1622\/revisions\/16800"}],"wp:featuredmedia":[{"embeddable":true,"href":"https:\/\/www.conceto.de\/en\/wp-json\/wp\/v2\/media\/3949"}],"wp:attachment":[{"href":"https:\/\/www.conceto.de\/en\/wp-json\/wp\/v2\/media?parent=1622"}],"curies":[{"name":"wp","href":"https:\/\/api.w.org\/{rel}","templated":true}]}}