{"id":5233,"date":"2022-11-17T13:13:48","date_gmt":"2022-11-17T12:13:48","guid":{"rendered":"https:\/\/www.conceto.de\/?page_id=5233"},"modified":"2024-05-08T07:30:58","modified_gmt":"2024-05-08T05:30:58","slug":"copyright","status":"publish","type":"page","link":"https:\/\/www.conceto.de\/en\/copyright\/","title":{"rendered":"Copyright"},"content":{"rendered":"<div data-elementor-type=\"wp-page\" data-elementor-id=\"5233\" class=\"elementor elementor-5233\" data-elementor-post-type=\"page\">\n\t\t\t\t<div class=\"elementor-element elementor-element-1ba1167 e-con-full e-flex e-con e-parent\" data-id=\"1ba1167\" data-element_type=\"container\" data-e-type=\"container\">\n\t\t\t\t<div class=\"elementor-element elementor-element-c4d7b11 elementor-widget elementor-widget-template\" data-id=\"c4d7b11\" data-element_type=\"widget\" data-e-type=\"widget\" data-widget_type=\"template.default\">\n\t\t\t\t<div class=\"elementor-widget-container\">\n\t\t\t\t\t\t\t<div class=\"elementor-template\">\n\t\t\t\t\t<div data-elementor-type=\"container\" data-elementor-id=\"808\" class=\"elementor elementor-808\" data-elementor-post-type=\"elementor_library\">\n\t\t\t\t<div class=\"elementor-element elementor-element-f3c9d1d e-flex e-con-boxed e-con e-parent\" data-id=\"f3c9d1d\" data-element_type=\"container\" data-e-type=\"container\" data-settings=\"{&quot;background_background&quot;:&quot;classic&quot;}\">\n\t\t\t\t\t<div class=\"e-con-inner\">\n\t\t\t\t<div class=\"elementor-element elementor-element-19128aa elementor-widget-mobile__width-inherit elementor-widget elementor-widget-heading\" data-id=\"19128aa\" data-element_type=\"widget\" data-e-type=\"widget\" data-widget_type=\"heading.default\">\n\t\t\t\t<div class=\"elementor-widget-container\">\n\t\t\t\t\t<h1 class=\"elementor-heading-title elementor-size-default\">Copyright<\/h1>\t\t\t\t<\/div>\n\t\t\t\t<\/div>\n\t\t\t\t<div class=\"elementor-element elementor-element-4186e0f elementor-widget elementor-widget-jet-listing-dynamic-field\" data-id=\"4186e0f\" data-element_type=\"widget\" data-e-type=\"widget\" data-widget_type=\"jet-listing-dynamic-field.default\">\n\t\t\t\t<div class=\"elementor-widget-container\">\n\t\t\t\t\t<div class=\"jet-listing jet-listing-dynamic-field display-inline\"><div class=\"jet-listing-dynamic-field__inline-wrap\"><div class=\"jet-listing-dynamic-field__content\" >Use of brand names<\/div><\/div><\/div>\t\t\t\t<\/div>\n\t\t\t\t<\/div>\n\t\t\t\t\t<\/div>\n\t\t\t\t<\/div>\n\t\t\t\t<\/div>\n\t\t\t\t<\/div>\n\t\t\t\t\t\t<\/div>\n\t\t\t\t<\/div>\n\t\t\t\t<\/div>\n\t\t<div class=\"elementor-element elementor-element-596b9c2 custom-padding e-flex e-con-boxed e-con e-parent\" data-id=\"596b9c2\" data-element_type=\"container\" data-e-type=\"container\">\n\t\t\t\t\t<div class=\"e-con-inner\">\n\t\t\t\t<div class=\"elementor-element elementor-element-30ae365 elementor-widget elementor-widget-text-editor\" data-id=\"30ae365\" data-element_type=\"widget\" data-e-type=\"widget\" data-widget_type=\"text-editor.default\">\n\t\t\t\t<div class=\"elementor-widget-container\">\n\t\t\t\t\t\t\t\t\t<p>CONCETO respects the rights and intellectual property of third parties. We therefore always endeavour to observe all third-party specifications with regard to the use of protected brand names, products or similar.<\/p><p>If you as a brand owner (or its representative) come across an undesirable formulation or use of a brand name, please contact us by email at copyright@conceto.de or by telephone on 0228 5340970 so that we have the opportunity to adapt or remove such an undesirable formulation without delay. Thank you very much!<\/p><p><strong>The following brand or product names are used on our websites to describe our services:<\/strong><\/p>\t\t\t\t\t\t\t\t<\/div>\n\t\t\t\t<\/div>\n\t\t\t\t<div class=\"elementor-element elementor-element-0255cbb elementor-icon-list--layout-traditional elementor-list-item-link-full_width elementor-widget elementor-widget-icon-list\" data-id=\"0255cbb\" data-element_type=\"widget\" data-e-type=\"widget\" data-widget_type=\"icon-list.default\">\n\t\t\t\t<div class=\"elementor-widget-container\">\n\t\t\t\t\t\t\t<ul class=\"elementor-icon-list-items\">\n\t\t\t\t\t\t\t<li class=\"elementor-icon-list-item\">\n\t\t\t\t\t\t\t\t\t\t\t<span class=\"elementor-icon-list-icon\">\n\t\t\t\t\t\t\t<i aria-hidden=\"true\" class=\"fas fa-angle-right\"><\/i>\t\t\t\t\t\t<\/span>\n\t\t\t\t\t\t\t\t\t\t<span class=\"elementor-icon-list-text\">SEEBURGER\u00ae, SEEBURGER Business Integration Suite\u00ae, SEEBURGER Workflow\u00ae and WinELKE\u00ae are products or protected brand names of SEEBURGER AG in Germany and other countries.<\/span>\n\t\t\t\t\t\t\t\t\t<\/li>\n\t\t\t\t\t\t\t\t<li class=\"elementor-icon-list-item\">\n\t\t\t\t\t\t\t\t\t\t\t<span class=\"elementor-icon-list-icon\">\n\t\t\t\t\t\t\t<i aria-hidden=\"true\" class=\"fas fa-angle-right\"><\/i>\t\t\t\t\t\t<\/span>\n\t\t\t\t\t\t\t\t\t\t<span class=\"elementor-icon-list-text\">HTML, XML, XHTML and W3C are trademarks or registered trademarks of the W3C\u00ae, World Wide Web Consortium, Massachusetts Institute of Technology.<\/span>\n\t\t\t\t\t\t\t\t\t<\/li>\n\t\t\t\t\t\t\t\t<li class=\"elementor-icon-list-item\">\n\t\t\t\t\t\t\t\t\t\t\t<span class=\"elementor-icon-list-icon\">\n\t\t\t\t\t\t\t<i aria-hidden=\"true\" class=\"fas fa-angle-right\"><\/i>\t\t\t\t\t\t<\/span>\n\t\t\t\t\t\t\t\t\t\t<span class=\"elementor-icon-list-text\">Java and JavaScript are registered trademarks of Oracle.<\/span>\n\t\t\t\t\t\t\t\t\t<\/li>\n\t\t\t\t\t\t\t\t<li class=\"elementor-icon-list-item\">\n\t\t\t\t\t\t\t\t\t\t\t<span class=\"elementor-icon-list-icon\">\n\t\t\t\t\t\t\t<i aria-hidden=\"true\" class=\"fas fa-angle-right\"><\/i>\t\t\t\t\t\t<\/span>\n\t\t\t\t\t\t\t\t\t\t<span class=\"elementor-icon-list-text\">SAP\u00ae, SAP NetWeaver\u00ae, ABAP\u00ae, SAP S\/4HANA\u00ae, BAPI\u00ae, SAP\u00ae SuccessFactors\u00ae and SAP Fiori\u00ae are registered trademarks of SAP SE or an SAP Group company.<\/span>\n\t\t\t\t\t\t\t\t\t<\/li>\n\t\t\t\t\t\t\t\t<li class=\"elementor-icon-list-item\">\n\t\t\t\t\t\t\t\t\t\t\t<span class=\"elementor-icon-list-icon\">\n\t\t\t\t\t\t\t<i aria-hidden=\"true\" class=\"fas fa-angle-right\"><\/i>\t\t\t\t\t\t<\/span>\n\t\t\t\t\t\t\t\t\t\t<span class=\"elementor-icon-list-text\">Microsoft\u00ae, Windows\u00ae, Outlook\u00ae, NT\u00ae, Word\u00ae, EXCEL\u00ae, Azure\u00ae and PowerPoint\u00ae are registered trademarks of Microsoft Corporation.<\/span>\n\t\t\t\t\t\t\t\t\t<\/li>\n\t\t\t\t\t\t\t\t<li class=\"elementor-icon-list-item\">\n\t\t\t\t\t\t\t\t\t\t\t<span class=\"elementor-icon-list-icon\">\n\t\t\t\t\t\t\t<i aria-hidden=\"true\" class=\"fas fa-angle-right\"><\/i>\t\t\t\t\t\t<\/span>\n\t\t\t\t\t\t\t\t\t\t<span class=\"elementor-icon-list-text\">iOS is a trademark or registered trademark of Cisco in the USA and other countries, used under licence by Apple Inc.<\/span>\n\t\t\t\t\t\t\t\t\t<\/li>\n\t\t\t\t\t\t\t\t<li class=\"elementor-icon-list-item\">\n\t\t\t\t\t\t\t\t\t\t\t<span class=\"elementor-icon-list-icon\">\n\t\t\t\t\t\t\t<i aria-hidden=\"true\" class=\"fas fa-angle-right\"><\/i>\t\t\t\t\t\t<\/span>\n\t\t\t\t\t\t\t\t\t\t<span class=\"elementor-icon-list-text\">Android\u2122 is a registered trademark of Google LLC.<\/span>\n\t\t\t\t\t\t\t\t\t<\/li>\n\t\t\t\t\t\t\t\t<li class=\"elementor-icon-list-item\">\n\t\t\t\t\t\t\t\t\t\t\t<span class=\"elementor-icon-list-icon\">\n\t\t\t\t\t\t\t<i aria-hidden=\"true\" class=\"fas fa-angle-right\"><\/i>\t\t\t\t\t\t<\/span>\n\t\t\t\t\t\t\t\t\t\t<span class=\"elementor-icon-list-text\">Amazon is a registered trademark of Amazon.com, Inc.<\/span>\n\t\t\t\t\t\t\t\t\t<\/li>\n\t\t\t\t\t\t\t\t<li class=\"elementor-icon-list-item\">\n\t\t\t\t\t\t\t\t\t\t\t<span class=\"elementor-icon-list-icon\">\n\t\t\t\t\t\t\t<i aria-hidden=\"true\" class=\"fas fa-angle-right\"><\/i>\t\t\t\t\t\t<\/span>\n\t\t\t\t\t\t\t\t\t\t<span class=\"elementor-icon-list-text\">Adobe\u00ae and Magento\u00ae are either registered trademarks or trademarks of Adobe Inc. in the United States and\/or other countries.<\/span>\n\t\t\t\t\t\t\t\t\t<\/li>\n\t\t\t\t\t\t\t\t<li class=\"elementor-icon-list-item\">\n\t\t\t\t\t\t\t\t\t\t\t<span class=\"elementor-icon-list-icon\">\n\t\t\t\t\t\t\t<i aria-hidden=\"true\" class=\"fas fa-angle-right\"><\/i>\t\t\t\t\t\t<\/span>\n\t\t\t\t\t\t\t\t\t\t<span class=\"elementor-icon-list-text\">Sylius is a registered trademark of Sylius Pawe\u0142 J\u0119drzejewski.<\/span>\n\t\t\t\t\t\t\t\t\t<\/li>\n\t\t\t\t\t\t\t\t<li class=\"elementor-icon-list-item\">\n\t\t\t\t\t\t\t\t\t\t\t<span class=\"elementor-icon-list-icon\">\n\t\t\t\t\t\t\t<i aria-hidden=\"true\" class=\"fas fa-angle-right\"><\/i>\t\t\t\t\t\t<\/span>\n\t\t\t\t\t\t\t\t\t\t<span class=\"elementor-icon-list-text\">Salesforce is a brand of salesforce.com, Inc.<\/span>\n\t\t\t\t\t\t\t\t\t<\/li>\n\t\t\t\t\t\t\t\t<li class=\"elementor-icon-list-item\">\n\t\t\t\t\t\t\t\t\t\t\t<span class=\"elementor-icon-list-icon\">\n\t\t\t\t\t\t\t<i aria-hidden=\"true\" class=\"fas fa-angle-right\"><\/i>\t\t\t\t\t\t<\/span>\n\t\t\t\t\t\t\t\t\t\t<span class=\"elementor-icon-list-text\">SugarCRM is a registered trademark of SugarCRM Inc.<\/span>\n\t\t\t\t\t\t\t\t\t<\/li>\n\t\t\t\t\t\t<\/ul>\n\t\t\t\t\t\t<\/div>\n\t\t\t\t<\/div>\n\t\t\t\t\t<\/div>\n\t\t\t\t<\/div>\n\t\t\t\t<\/div>","protected":false},"excerpt":{"rendered":"<p>CONCETO achtet die Rechte und das geistige Eigentum Dritter. Wir sind daher stets sehr bem\u00fcht, alle Vorgaben Dritter in Bezug auf die Verwendung von gesch\u00fctzten Markennamen, Produkten oder dergleichen zu beachten. Sollten Sie als Markeneigent\u00fcmer (oder dessen Vertreter) auf eine unerw\u00fcnschte Formulierung oder Nutzung eines Markennamens sto\u00dfen, so bitten wir Sie um Kontaktaufnahme per Email [&hellip;]<\/p>\n","protected":false},"author":2,"featured_media":3949,"parent":0,"menu_order":0,"comment_status":"closed","ping_status":"closed","template":"","meta":{"footnotes":""},"class_list":["post-5233","page","type-page","status-publish","has-post-thumbnail","hentry"],"_links":{"self":[{"href":"https:\/\/www.conceto.de\/en\/wp-json\/wp\/v2\/pages\/5233","targetHints":{"allow":["GET"]}}],"collection":[{"href":"https:\/\/www.conceto.de\/en\/wp-json\/wp\/v2\/pages"}],"about":[{"href":"https:\/\/www.conceto.de\/en\/wp-json\/wp\/v2\/types\/page"}],"author":[{"embeddable":true,"href":"https:\/\/www.conceto.de\/en\/wp-json\/wp\/v2\/users\/2"}],"replies":[{"embeddable":true,"href":"https:\/\/www.conceto.de\/en\/wp-json\/wp\/v2\/comments?post=5233"}],"version-history":[{"count":1,"href":"https:\/\/www.conceto.de\/en\/wp-json\/wp\/v2\/pages\/5233\/revisions"}],"predecessor-version":[{"id":7773,"href":"https:\/\/www.conceto.de\/en\/wp-json\/wp\/v2\/pages\/5233\/revisions\/7773"}],"wp:featuredmedia":[{"embeddable":true,"href":"https:\/\/www.conceto.de\/en\/wp-json\/wp\/v2\/media\/3949"}],"wp:attachment":[{"href":"https:\/\/www.conceto.de\/en\/wp-json\/wp\/v2\/media?parent=5233"}],"curies":[{"name":"wp","href":"https:\/\/api.w.org\/{rel}","templated":true}]}}